{"id":1453,"date":"2020-04-30T11:12:41","date_gmt":"2020-04-30T14:12:41","guid":{"rendered":"https:\/\/projetos.rztcomunicacao.com.br\/walterserer\/?page_id=1453"},"modified":"2023-08-23T19:06:23","modified_gmt":"2023-08-23T22:06:23","slug":"contato","status":"publish","type":"page","link":"https:\/\/projetos.rztcomunicacao.com.br\/walterserer\/contato\/","title":{"rendered":"Contato"},"content":{"rendered":"\t\t<div data-elementor-type=\"wp-page\" data-elementor-id=\"1453\" class=\"elementor elementor-1453\">\n\t\t\t\t\t\t\t\t\t<section class=\"elementor-section elementor-top-section elementor-element elementor-element-7ad5c4ae elementor-section-stretched elementor-section-boxed elementor-section-height-default elementor-section-height-default sc_fly_static\" data-id=\"7ad5c4ae\" data-element_type=\"section\" data-settings=\"{&quot;stretch_section&quot;:&quot;section-stretched&quot;,&quot;background_background&quot;:&quot;classic&quot;}\">\n\t\t\t\t\t\t<div class=\"elementor-container elementor-column-gap-no\">\n\t\t\t\t\t<div class=\"elementor-column elementor-col-100 elementor-top-column elementor-element elementor-element-20d52d7a sc_inner_width_none sc_content_align_inherit sc_layouts_column_icons_position_left sc_fly_static\" data-id=\"20d52d7a\" data-element_type=\"column\">\n\t\t\t<div class=\"elementor-widget-wrap elementor-element-populated\">\n\t\t\t\t\t\t\t\t<div class=\"elementor-element elementor-element-76999799 sc_height_huge sc_fly_static elementor-widget elementor-widget-spacer\" data-id=\"76999799\" data-element_type=\"widget\" data-widget_type=\"spacer.default\">\n\t\t\t\t<div class=\"elementor-widget-container\">\n\t\t\t\t\t<div class=\"elementor-spacer\">\n\t\t\t<div class=\"elementor-spacer-inner\"><\/div>\n\t\t<\/div>\n\t\t\t\t<\/div>\n\t\t\t\t<\/div>\n\t\t\t\t<section class=\"elementor-section elementor-inner-section elementor-element elementor-element-1ef05ddc elementor-section-boxed elementor-section-height-default elementor-section-height-default sc_fly_static\" data-id=\"1ef05ddc\" data-element_type=\"section\">\n\t\t\t\t\t\t<div class=\"elementor-container elementor-column-gap-no\">\n\t\t\t\t\t<div class=\"elementor-column elementor-col-50 elementor-inner-column elementor-element elementor-element-72f16cb1 sc_inner_width_none sc_content_align_inherit sc_layouts_column_icons_position_left sc_fly_static\" data-id=\"72f16cb1\" data-element_type=\"column\">\n\t\t\t<div class=\"elementor-widget-wrap elementor-element-populated\">\n\t\t\t\t\t\t\t\t<div class=\"elementor-element elementor-element-41f79a10 sc_fly_static elementor-widget elementor-widget-trx_sc_title\" data-id=\"41f79a10\" data-element_type=\"widget\" data-widget_type=\"trx_sc_title.default\">\n\t\t\t\t<div class=\"elementor-widget-container\">\n\t\t\t<div\t\tclass=\"sc_title sc_title_default\" ><span class=\"sc_item_subtitle sc_title_subtitle sc_item_subtitle_above sc_item_title_style_default\">Fale comigo<\/span><h1 class=\"sc_item_title sc_title_title sc_item_title_style_default sc_item_title_tag\"\n\t\t\t><span class=\"sc_item_title_text\">Quer mais informa\u00e7\u00f5es?<\/span><\/h1><div class=\"sc_item_descr sc_title_descr\"><p>Preencha o formul\u00e1rio desta p\u00e1gina ou entre em contato via WhatsApp, e-mail ou LinkedIn (clique nos links abaixo).<\/p>\n<\/div><\/div>\t\t<\/div>\n\t\t\t\t<\/div>\n\t\t\t\t<div class=\"elementor-element elementor-element-6d441a04 sc_fly_static elementor-widget elementor-widget-spacer\" data-id=\"6d441a04\" data-element_type=\"widget\" data-widget_type=\"spacer.default\">\n\t\t\t\t<div class=\"elementor-widget-container\">\n\t\t\t\t\t<div class=\"elementor-spacer\">\n\t\t\t<div class=\"elementor-spacer-inner\"><\/div>\n\t\t<\/div>\n\t\t\t\t<\/div>\n\t\t\t\t<\/div>\n\t\t\t\t<div class=\"elementor-element elementor-element-782336ae sc_fly_static elementor-widget elementor-widget-trx_sc_icons\" data-id=\"782336ae\" data-element_type=\"widget\" data-widget_type=\"trx_sc_icons.default\">\n\t\t\t\t<div class=\"elementor-widget-container\">\n\t\t\t<div \tclass=\"sc_icons sc_icons_simple sc_icons_size_small sc_align_none\" ><div class=\"sc_icons_item sc_icons_item_linked\"><div class=\"sc_icons_icon sc_icon_type_ icon-whatsapp\" style=\"color: #C19A5B\" ><span class=\"sc_icon_type_ icon-whatsapp\" style=\"color: #C19A5B\"><\/span><\/div><div class=\"sc_icons_item_details\"><div class=\"sc_icons_item_description\"><span>(11) 99477-0553<\/span><\/div><a href=\"https:\/\/api.whatsapp.com\/send?phone=5511994770553&#038;text=Ol%C3%A1%2C%20Walter!%20Encontrei%20o%20seu%20contato%20pelo%20site%20e%20gostaria%20de%20tirar%20umas%20d%C3%BAvidas.%20Podemos%20conversar%3F\"\n                        class=\"sc_icons_item_link\">\n                        <\/a><\/div><\/div><div class=\"sc_icons_item sc_icons_item_linked\"><div class=\"sc_icons_icon sc_icon_type_ icon-email\" style=\"color: #C19A5B\" ><span class=\"sc_icon_type_ icon-email\" style=\"color: #C19A5B\"><\/span><\/div><div class=\"sc_icons_item_details\"><div class=\"sc_icons_item_description\"><span>walter@walterserer.com.br<\/span><\/div><a href=\"mailto:walter@walterserer.com.br\"\n                        class=\"sc_icons_item_link\">\n                        <\/a><\/div><\/div><div class=\"sc_icons_item sc_icons_item_linked\"><div class=\"sc_icons_icon sc_icon_type_ icon-linkedin\" style=\"color: #C19A5B\" ><span class=\"sc_icon_type_ icon-linkedin\" style=\"color: #C19A5B\"><\/span><\/div><div class=\"sc_icons_item_details\"><div class=\"sc_icons_item_description\"><span>Walter Serer<\/span><\/div><a href=\"https:\/\/www.linkedin.com\/in\/walter-serer-86717b20\/\"\n                        class=\"sc_icons_item_link\">\n                        <\/a><\/div><\/div><\/div><!-- \/.sc_icons -->\t\t<\/div>\n\t\t\t\t<\/div>\n\t\t\t\t\t<\/div>\n\t\t<\/div>\n\t\t\t\t<div class=\"elementor-column elementor-col-50 elementor-inner-column elementor-element elementor-element-5938bc76 sc_inner_width_none sc_content_align_inherit sc_layouts_column_icons_position_left sc_fly_static\" data-id=\"5938bc76\" data-element_type=\"column\">\n\t\t\t<div class=\"elementor-widget-wrap elementor-element-populated\">\n\t\t\t\t\t\t\t\t<div class=\"elementor-element elementor-element-2f481618 sc_fly_static elementor-widget elementor-widget-spacer\" data-id=\"2f481618\" data-element_type=\"widget\" data-widget_type=\"spacer.default\">\n\t\t\t\t<div class=\"elementor-widget-container\">\n\t\t\t\t\t<div class=\"elementor-spacer\">\n\t\t\t<div class=\"elementor-spacer-inner\"><\/div>\n\t\t<\/div>\n\t\t\t\t<\/div>\n\t\t\t\t<\/div>\n\t\t\t\t<div class=\"elementor-element elementor-element-43175e93 sc_fly_static elementor-widget elementor-widget-trx_sc_contact_form_7\" data-id=\"43175e93\" data-element_type=\"widget\" data-widget_type=\"trx_sc_contact_form_7.default\">\n\t\t\t\t<div class=\"elementor-widget-container\">\n\t\t\t\n<div class=\"wpcf7 no-js\" id=\"wpcf7-f5-o1\" lang=\"en-US\" dir=\"ltr\">\n<div class=\"screen-reader-response\"><p role=\"status\" aria-live=\"polite\" aria-atomic=\"true\"><\/p> <ul><\/ul><\/div>\n<form action=\"\/walterserer\/wp-json\/wp\/v2\/pages\/1453#wpcf7-f5-o1\" method=\"post\" class=\"wpcf7-form init\" aria-label=\"Contact form\" novalidate=\"novalidate\" data-status=\"init\">\n<div style=\"display: none;\">\n<input type=\"hidden\" name=\"_wpcf7\" value=\"5\" \/>\n<input type=\"hidden\" name=\"_wpcf7_version\" value=\"5.8\" \/>\n<input type=\"hidden\" name=\"_wpcf7_locale\" value=\"en_US\" \/>\n<input type=\"hidden\" name=\"_wpcf7_unit_tag\" value=\"wpcf7-f5-o1\" \/>\n<input type=\"hidden\" name=\"_wpcf7_container_post\" value=\"0\" \/>\n<input type=\"hidden\" name=\"_wpcf7_posted_data_hash\" value=\"\" \/>\n<\/div>\n<div class=\"form-style-1\">\n\t<div class=\"columns_wrap\">\n\t\t<div class=\"column-1_2\">\n\t\t\t<p><span class=\"style-line icon-name\"><span class=\"wpcf7-form-control-wrap\" data-name=\"your-name\"><input size=\"40\" class=\"wpcf7-form-control wpcf7-text wpcf7-validates-as-required\" aria-required=\"true\" aria-invalid=\"false\" placeholder=\"Nome\" value=\"\" type=\"text\" name=\"your-name\" \/><\/span><\/span>\n\t\t\t<\/p>\n\t\t<\/div>\n\t\t<div class=\"column-1_2\">\n\t\t\t<p><span class=\"style-line icon-email\"><span class=\"wpcf7-form-control-wrap\" data-name=\"your-email\"><input size=\"40\" class=\"wpcf7-form-control wpcf7-email wpcf7-validates-as-required wpcf7-text wpcf7-validates-as-email\" aria-required=\"true\" aria-invalid=\"false\" placeholder=\"E-mail\" value=\"\" type=\"email\" name=\"your-email\" \/><\/span><\/span>\n\t\t\t<\/p>\n\t\t<\/div>\n\t<\/div>\n\t<div class=\"columns_wrap\">\n\t\t<div class=\"column-1_2\">\n\t\t\t<p><span class=\"style-line icon-phone\"><span class=\"wpcf7-form-control-wrap\" data-name=\"phone\"><input size=\"40\" class=\"wpcf7-form-control wpcf7-tel wpcf7-validates-as-required wpcf7-text wpcf7-validates-as-tel\" aria-required=\"true\" aria-invalid=\"false\" placeholder=\"Telefone\/WhatsApp\" value=\"\" type=\"tel\" name=\"phone\" \/><\/span><\/span>\n\t\t\t<\/p>\n\t\t<\/div>\n\t\t<div class=\"column-1_2\">\n\t\t\t<p><span class=\"style-line icon-subject\"><span class=\"wpcf7-form-control-wrap\" data-name=\"subject\"><input size=\"40\" class=\"wpcf7-form-control wpcf7-text wpcf7-validates-as-required\" aria-required=\"true\" aria-invalid=\"false\" placeholder=\"Assunto\" value=\"\" type=\"text\" name=\"subject\" \/><\/span><\/span>\n\t\t\t<\/p>\n\t\t<\/div>\n\t<\/div>\n\t<div class=\"columns_wrap margin-bottom\">\n\t\t<div class=\"column-1_1\">\n\t\t\t<p><span class=\"style-line icon-textarea\"><span class=\"wpcf7-form-control-wrap\" data-name=\"your-message\"><textarea cols=\"40\" rows=\"10\" class=\"wpcf7-form-control wpcf7-textarea wpcf7-validates-as-required\" aria-required=\"true\" aria-invalid=\"false\" placeholder=\"Como posso te ajudar?\" name=\"your-message\"><\/textarea><\/span><\/span>\n\t\t\t<\/p>\n\t\t<\/div>\n\t<\/div>\n\t<p><input class=\"wpcf7-form-control wpcf7-submit has-spinner\" type=\"submit\" value=\"Enviar\" \/><span class=\"wpcf7-form-control-wrap\" data-name=\"acceptance\"><span class=\"wpcf7-form-control wpcf7-acceptance\"><span class=\"wpcf7-list-item\"><label><input type=\"checkbox\" name=\"acceptance\" value=\"1\" aria-invalid=\"false\" \/><span class=\"wpcf7-list-item-label\">Estou de acordo que meus dados ser\u00e3o <a href=\"\/privacy-policy\/\">coletados e salvos<\/a>.<\/span><\/label><\/span><\/span><\/span>\n\t<\/p>\n<\/div><div class=\"wpcf7-response-output\" aria-hidden=\"true\"><\/div>\n<\/form>\n<\/div>\n\t\t<\/div>\n\t\t\t\t<\/div>\n\t\t\t\t\t<\/div>\n\t\t<\/div>\n\t\t\t\t\t\t\t<\/div>\n\t\t<\/section>\n\t\t\t\t<div class=\"elementor-element elementor-element-21c7af91 sc_height_huge sc_fly_static elementor-widget elementor-widget-spacer\" data-id=\"21c7af91\" data-element_type=\"widget\" data-widget_type=\"spacer.default\">\n\t\t\t\t<div class=\"elementor-widget-container\">\n\t\t\t\t\t<div class=\"elementor-spacer\">\n\t\t\t<div class=\"elementor-spacer-inner\"><\/div>\n\t\t<\/div>\n\t\t\t\t<\/div>\n\t\t\t\t<\/div>\n\t\t\t\t\t<\/div>\n\t\t<\/div>\n\t\t\t\t\t\t\t<\/div>\n\t\t<\/section>\n\t\t\t\t\t\t\t<\/div>\n\t\t","protected":false},"excerpt":{"rendered":"<p>Fale comigo Quer mais informa\u00e7\u00f5es? Preencha o formul\u00e1rio desta p\u00e1gina ou entre em contato via WhatsApp, e-mail ou LinkedIn (clique nos links abaixo). (11) 99477-0553 walter@walterserer.com.br Walter Serer Estou de&hellip;<\/p>\n","protected":false},"author":5,"featured_media":0,"parent":0,"menu_order":0,"comment_status":"closed","ping_status":"closed","template":"","meta":{"footnotes":""},"yoast_head":"<!-- This site is optimized with the Yoast SEO plugin v21.0 - https:\/\/yoast.com\/wordpress\/plugins\/seo\/ -->\n<title>Contato - Walter Serer<\/title>\n<meta name=\"robots\" content=\"index, follow, max-snippet:-1, max-image-preview:large, max-video-preview:-1\" \/>\n<link rel=\"canonical\" href=\"https:\/\/projetos.rztcomunicacao.com.br\/walterserer\/contato\/\" \/>\n<meta property=\"og:locale\" content=\"pt_BR\" \/>\n<meta property=\"og:type\" content=\"article\" \/>\n<meta property=\"og:title\" content=\"Contato - Walter Serer\" \/>\n<meta property=\"og:description\" content=\"Fale comigo Quer mais informa\u00e7\u00f5es? Preencha o formul\u00e1rio desta p\u00e1gina ou entre em contato via WhatsApp, e-mail ou LinkedIn (clique nos links abaixo). (11) 99477-0553 walter@walterserer.com.br Walter Serer Estou de&hellip;\" \/>\n<meta property=\"og:url\" content=\"https:\/\/projetos.rztcomunicacao.com.br\/walterserer\/contato\/\" \/>\n<meta property=\"og:site_name\" content=\"Walter Serer\" \/>\n<meta property=\"article:modified_time\" content=\"2023-08-23T22:06:23+00:00\" \/>\n<meta name=\"twitter:card\" content=\"summary_large_image\" \/>\n<script type=\"application\/ld+json\" class=\"yoast-schema-graph\">{\"@context\":\"https:\/\/schema.org\",\"@graph\":[{\"@type\":\"WebPage\",\"@id\":\"https:\/\/projetos.rztcomunicacao.com.br\/walterserer\/contato\/\",\"url\":\"https:\/\/projetos.rztcomunicacao.com.br\/walterserer\/contato\/\",\"name\":\"Contato - Walter Serer\",\"isPartOf\":{\"@id\":\"https:\/\/projetos.rztcomunicacao.com.br\/walterserer\/#website\"},\"datePublished\":\"2020-04-30T14:12:41+00:00\",\"dateModified\":\"2023-08-23T22:06:23+00:00\",\"breadcrumb\":{\"@id\":\"https:\/\/projetos.rztcomunicacao.com.br\/walterserer\/contato\/#breadcrumb\"},\"inLanguage\":\"pt-BR\",\"potentialAction\":[{\"@type\":\"ReadAction\",\"target\":[\"https:\/\/projetos.rztcomunicacao.com.br\/walterserer\/contato\/\"]}]},{\"@type\":\"BreadcrumbList\",\"@id\":\"https:\/\/projetos.rztcomunicacao.com.br\/walterserer\/contato\/#breadcrumb\",\"itemListElement\":[{\"@type\":\"ListItem\",\"position\":1,\"name\":\"In\u00edcio\",\"item\":\"https:\/\/projetos.rztcomunicacao.com.br\/walterserer\/\"},{\"@type\":\"ListItem\",\"position\":2,\"name\":\"Contato\"}]},{\"@type\":\"WebSite\",\"@id\":\"https:\/\/projetos.rztcomunicacao.com.br\/walterserer\/#website\",\"url\":\"https:\/\/projetos.rztcomunicacao.com.br\/walterserer\/\",\"name\":\"Walter Serer\",\"description\":\"Coach e Mentor de Executivos e CEOs\",\"publisher\":{\"@id\":\"https:\/\/projetos.rztcomunicacao.com.br\/walterserer\/#organization\"},\"potentialAction\":[{\"@type\":\"SearchAction\",\"target\":{\"@type\":\"EntryPoint\",\"urlTemplate\":\"https:\/\/projetos.rztcomunicacao.com.br\/walterserer\/?s={search_term_string}\"},\"query-input\":\"required name=search_term_string\"}],\"inLanguage\":\"pt-BR\"},{\"@type\":\"Organization\",\"@id\":\"https:\/\/projetos.rztcomunicacao.com.br\/walterserer\/#organization\",\"name\":\"Walter Serer\",\"url\":\"https:\/\/projetos.rztcomunicacao.com.br\/walterserer\/\",\"logo\":{\"@type\":\"ImageObject\",\"inLanguage\":\"pt-BR\",\"@id\":\"https:\/\/projetos.rztcomunicacao.com.br\/walterserer\/#\/schema\/logo\/image\/\",\"url\":\"https:\/\/projetos.rztcomunicacao.com.br\/walterserer\/wp-content\/uploads\/2023\/09\/cropped-Walter-Serer-Logo-horizontal-preto.png\",\"contentUrl\":\"https:\/\/projetos.rztcomunicacao.com.br\/walterserer\/wp-content\/uploads\/2023\/09\/cropped-Walter-Serer-Logo-horizontal-preto.png\",\"width\":1877,\"height\":830,\"caption\":\"Walter Serer\"},\"image\":{\"@id\":\"https:\/\/projetos.rztcomunicacao.com.br\/walterserer\/#\/schema\/logo\/image\/\"}}]}<\/script>\n<!-- \/ Yoast SEO plugin. -->","yoast_head_json":{"title":"Contato - Walter Serer","robots":{"index":"index","follow":"follow","max-snippet":"max-snippet:-1","max-image-preview":"max-image-preview:large","max-video-preview":"max-video-preview:-1"},"canonical":"https:\/\/projetos.rztcomunicacao.com.br\/walterserer\/contato\/","og_locale":"pt_BR","og_type":"article","og_title":"Contato - Walter Serer","og_description":"Fale comigo Quer mais informa\u00e7\u00f5es? Preencha o formul\u00e1rio desta p\u00e1gina ou entre em contato via WhatsApp, e-mail ou LinkedIn (clique nos links abaixo). (11) 99477-0553 walter@walterserer.com.br Walter Serer Estou de&hellip;","og_url":"https:\/\/projetos.rztcomunicacao.com.br\/walterserer\/contato\/","og_site_name":"Walter Serer","article_modified_time":"2023-08-23T22:06:23+00:00","twitter_card":"summary_large_image","schema":{"@context":"https:\/\/schema.org","@graph":[{"@type":"WebPage","@id":"https:\/\/projetos.rztcomunicacao.com.br\/walterserer\/contato\/","url":"https:\/\/projetos.rztcomunicacao.com.br\/walterserer\/contato\/","name":"Contato - Walter Serer","isPartOf":{"@id":"https:\/\/projetos.rztcomunicacao.com.br\/walterserer\/#website"},"datePublished":"2020-04-30T14:12:41+00:00","dateModified":"2023-08-23T22:06:23+00:00","breadcrumb":{"@id":"https:\/\/projetos.rztcomunicacao.com.br\/walterserer\/contato\/#breadcrumb"},"inLanguage":"pt-BR","potentialAction":[{"@type":"ReadAction","target":["https:\/\/projetos.rztcomunicacao.com.br\/walterserer\/contato\/"]}]},{"@type":"BreadcrumbList","@id":"https:\/\/projetos.rztcomunicacao.com.br\/walterserer\/contato\/#breadcrumb","itemListElement":[{"@type":"ListItem","position":1,"name":"In\u00edcio","item":"https:\/\/projetos.rztcomunicacao.com.br\/walterserer\/"},{"@type":"ListItem","position":2,"name":"Contato"}]},{"@type":"WebSite","@id":"https:\/\/projetos.rztcomunicacao.com.br\/walterserer\/#website","url":"https:\/\/projetos.rztcomunicacao.com.br\/walterserer\/","name":"Walter Serer","description":"Coach e Mentor de Executivos e CEOs","publisher":{"@id":"https:\/\/projetos.rztcomunicacao.com.br\/walterserer\/#organization"},"potentialAction":[{"@type":"SearchAction","target":{"@type":"EntryPoint","urlTemplate":"https:\/\/projetos.rztcomunicacao.com.br\/walterserer\/?s={search_term_string}"},"query-input":"required name=search_term_string"}],"inLanguage":"pt-BR"},{"@type":"Organization","@id":"https:\/\/projetos.rztcomunicacao.com.br\/walterserer\/#organization","name":"Walter Serer","url":"https:\/\/projetos.rztcomunicacao.com.br\/walterserer\/","logo":{"@type":"ImageObject","inLanguage":"pt-BR","@id":"https:\/\/projetos.rztcomunicacao.com.br\/walterserer\/#\/schema\/logo\/image\/","url":"https:\/\/projetos.rztcomunicacao.com.br\/walterserer\/wp-content\/uploads\/2023\/09\/cropped-Walter-Serer-Logo-horizontal-preto.png","contentUrl":"https:\/\/projetos.rztcomunicacao.com.br\/walterserer\/wp-content\/uploads\/2023\/09\/cropped-Walter-Serer-Logo-horizontal-preto.png","width":1877,"height":830,"caption":"Walter Serer"},"image":{"@id":"https:\/\/projetos.rztcomunicacao.com.br\/walterserer\/#\/schema\/logo\/image\/"}}]}},"_links":{"self":[{"href":"https:\/\/projetos.rztcomunicacao.com.br\/walterserer\/wp-json\/wp\/v2\/pages\/1453"}],"collection":[{"href":"https:\/\/projetos.rztcomunicacao.com.br\/walterserer\/wp-json\/wp\/v2\/pages"}],"about":[{"href":"https:\/\/projetos.rztcomunicacao.com.br\/walterserer\/wp-json\/wp\/v2\/types\/page"}],"author":[{"embeddable":true,"href":"https:\/\/projetos.rztcomunicacao.com.br\/walterserer\/wp-json\/wp\/v2\/users\/5"}],"replies":[{"embeddable":true,"href":"https:\/\/projetos.rztcomunicacao.com.br\/walterserer\/wp-json\/wp\/v2\/comments?post=1453"}],"version-history":[{"count":10,"href":"https:\/\/projetos.rztcomunicacao.com.br\/walterserer\/wp-json\/wp\/v2\/pages\/1453\/revisions"}],"predecessor-version":[{"id":21648,"href":"https:\/\/projetos.rztcomunicacao.com.br\/walterserer\/wp-json\/wp\/v2\/pages\/1453\/revisions\/21648"}],"wp:attachment":[{"href":"https:\/\/projetos.rztcomunicacao.com.br\/walterserer\/wp-json\/wp\/v2\/media?parent=1453"}],"curies":[{"name":"wp","href":"https:\/\/api.w.org\/{rel}","templated":true}]}}